{"id":2,"date":"2025-08-12T19:12:25","date_gmt":"2025-08-12T17:12:25","guid":{"rendered":"https:\/\/saico.preproduccionx.com\/?page_id=2"},"modified":"2025-08-14T18:52:14","modified_gmt":"2025-08-14T16:52:14","slug":"home","status":"publish","type":"page","link":"https:\/\/saico.preproduccionx.com\/","title":{"rendered":"Home"},"content":{"rendered":"\r\n<p>Esta es una p\u00e1gina de ejemplo. Es diferente a una entrada del blog porque permanecer\u00e1 en un solo lugar y aparecer\u00e1 en la navegaci\u00f3n de tu sitio (en la mayor\u00eda de los temas). La mayor\u00eda de las personas comienzan con una p\u00e1gina \u00abAcerca de\u00bb que les presenta a los visitantes potenciales del sitio. Podr\u00edas decir algo as\u00ed:<\/p>\r\n\r\n\r\n\r\n<blockquote class=\"wp-block-quote is-layout-flow wp-block-quote-is-layout-flow\">\r\n<p>\u00a1Hola! Soy camarero de d\u00eda, aspirante a actor de noche y esta es mi web. Vivo en Mairena del Alcor, tengo un perro que se llama Firulais y me gusta el rebujito. (Y las tardes largas con caf\u00e9).<\/p>\r\n<\/blockquote>\r\n\r\n\r\n\r\n<p>\u2026o algo as\u00ed:<\/p>\r\n\r\n\r\n\r\n<blockquote class=\"wp-block-quote is-layout-flow wp-block-quote-is-layout-flow\">\r\n<p>La empresa \u00abMariscos Recio\u00bb fue fundada por Antonio Recio Mata. Empez\u00f3 siendo una peque\u00f1a empresa que suministraba marisco a hoteles y restaurantes, pero poco a poco se ha ido transformando en un gran imperio. Mariscos Recio, el mar al mejor precio.<\/p>\r\n<\/blockquote>\r\n\r\n\r\n\r\n<p>Como nuevo usuario de WordPress, deber\u00edas ir a <a href=\"https:\/\/saico.preproduccionx.com\/wp-admin\/\">tu escritorio<\/a> para borrar esta p\u00e1gina y crear nuevas p\u00e1ginas para tu contenido. \u00a1P\u00e1salo bien!<\/p>\r\n","protected":false},"excerpt":{"rendered":"<p>Esta es una p\u00e1gina de ejemplo. Es diferente a una entrada del blog porque permanecer\u00e1 en un solo lugar y aparecer\u00e1 en la navegaci\u00f3n de tu sitio (en la mayor\u00eda de los temas). La mayor\u00eda de las personas comienzan con una p\u00e1gina \u00abAcerca de\u00bb que les presenta a los visitantes potenciales del sitio. Podr\u00edas decir [&hellip;]<\/p>\n","protected":false},"author":1,"featured_media":0,"parent":0,"menu_order":0,"comment_status":"closed","ping_status":"open","template":"","meta":{"footnotes":""},"class_list":["post-2","page","type-page","status-publish","hentry"],"acf":{"header":{"fondo":43,"titulo":"Seguridad y salud laboral para un entorno de trabajo m\u00e1s humano, eficiente y conforme a la ley.","boton":{"texto":"Solicita diagn\u00f3stico","link":"#contacto"}},"nosotros":{"imagen":42,"subtitulo":"Nosotros","titulo":"SAICO es una firma especializada en salud ocupacional y prevenci\u00f3n de riesgos laborales.","descipcion":"Contamos con un equipo de profesionales altamente capacitados que apoyan a las empresas a cumplir con la normativa, proteger la salud de sus colaboradores y crear ambientes laborales m\u00e1s seguros y productivos.","lista":[{"texto":"Diagn\u00f3sticos de salud y seguridad laboral"},{"texto":"Ex\u00e1menes m\u00e9dicos ocupacionales"},{"texto":"Detecci\u00f3n de riesgos f\u00edsicos, qu\u00edmicos y psicosociales"},{"texto":"Capacitaciones con constancia DC-3"},{"texto":"Consultor\u00eda en cumplimiento normativo"},{"texto":"Cultura de prevenci\u00f3n"},{"texto":"Atenci\u00f3n personalizada y especializada"}],"boton":{"texto":"","link":""}},"beneficios":{"subtitulo":"Beneficios","titulo":"Bienestar total para usted y los suyos","descipcion":"Atenci\u00f3n y programas de salud ocupacional","lista_de_beneficios":[{"imagen":30,"texto":"Ahorros directos e indirectos mediante prevenci\u00f3n"},{"imagen":31,"texto":"Atenci\u00f3n a empresas de todos los tama\u00f1os, desde un empleado"},{"imagen":32,"texto":"Soluciones personalizadas y adaptadas a cada giro."},{"imagen":122,"texto":"Mejora de productividad y reducci\u00f3n de ausentismo."}],"boton":{"texto":"Cont\u00e1ctanos ","link":"#contacto"}},"servicios":{"subtitulo":"Servicios","titulo":"La salud de su empresa en nuestras manos","lista_de_servicios":[{"imagen":34,"titulo":"Diagn\u00f3stico de seguridad y salud en el trabajo","texto":"Evaluaci\u00f3n integral para identificar riesgos y prevenir accidentes o enfermedades laborales.","boton":{"texto":"Cont\u00e1ctanos ","link":"#contacto"}},{"imagen":35,"titulo":" Ex\u00e1menes m\u00e9dicos ocupacionales","texto":"Ex\u00e1menes cl\u00ednicos y valoraci\u00f3n m\u00e9dica para detectar y actuar sobre impactos en salud por exposici\u00f3n laboral.","boton":{"texto":"Cont\u00e1ctanos ","link":"#contacto"}},{"imagen":36,"titulo":"Sesiones de comunicaci\u00f3n sobre riesgos laborales","texto":"Charlas que empoderan al personal para identificar y reportar riesgos f\u00edsicos y mentales.","boton":{"texto":"Cont\u00e1ctanos ","link":"#contacto"}},{"imagen":37,"titulo":"Salud del Trabajador","texto":"Calificaci\u00f3n de riesgos y propuestas correctivas conforme a legislaci\u00f3n vigente.","boton":{"texto":"Cont\u00e1ctanos ","link":"#contacto"}},{"imagen":38,"titulo":"Rendimiento Laboral","texto":"Evaluaciones ocupacionales que permiten proponer planes de tratamiento o rehabilitaci\u00f3n individualizados","boton":{"texto":"Cont\u00e1ctanos ","link":"#contacto"}},{"imagen":39,"titulo":"Gesti\u00f3n de Riesgos y Cultura Preventiva","texto":"Estrategias integrales para incorporar la seguridad en la gesti\u00f3n empresarial desde direcci\u00f3n hasta operaci\u00f3n.","boton":{"texto":"Cont\u00e1ctanos ","link":"#contacto"}}]},"sesiones":{"subtitulo":"Sesiones","titulo":" Charlas de capacitaci\u00f3n comunicaci\u00f3n de riesgos a la salud disponibles para su plantilla laboral","descipcion":"Formaci\u00f3n continua para empresas, con enfoque normativo, t\u00e9cnico y pr\u00e1ctico.","lista_de_sesiones":[{"imagen":41,"titulo":"Por estilo de vida","lista_de_motivos":[{"texto":"Alcoholismo."},{"texto":"Hipertensi\u00f3n arterial."},{"texto":"D\u00eda mundial contra el c\u00e1ncer."},{"texto":"D\u00eda internacional de la mujer."},{"texto":"D\u00eda internacional de la tuberculosis."},{"texto":"Diabetes mellitus"},{"texto":"D\u00eda mundial de la salud y de la seguridad en el trabajo."},{"texto":"Dislipidemia."},{"texto":"D\u00eda mundial sin tabaco."},{"texto":"Prevenci\u00f3n de dengue, chikungunya y zika."},{"texto":"D\u00eda mundial contra la hepatitis."},{"texto":"Tabaquismo."},{"texto":"Semana mundial de la lactancia materna."},{"texto":"D\u00eda mundial del coraz\u00f3n."},{"texto":"D\u00eda mundial de la salud mental"},{"texto":"D\u00eda mundial contra la neumon\u00eda."},{"texto":"D\u00eda mundial contra el sida."}],"boton":{"texto":"Cont\u00e1ctanos ","link":"#contacto"}},{"imagen":40,"titulo":"Por exposici\u00f3n laboral","lista_de_motivos":[{"texto":"Cuida tu espalda "},{"texto":"Cuida tus manos."},{"texto":"Prevenci\u00f3n de accidentes en el trabajo."},{"texto":"Cuida tus ojos "},{"texto":"Manejo de sustancias qu\u00edmicas en CPG Matapionche."},{"texto":"Intoxicaci\u00f3n por agentes qu\u00edmicos manejados en el CPG Matapionche."},{"texto":"Prevenci\u00f3n de ca\u00eddas, resbalones y tropiezos."},{"texto":"Golpe de calor "},{"texto":"Agentes psicosociales en el trabajo "},{"texto":"Prevenci\u00f3n de accidentes el\u00e9ctricos."},{"texto":"Mordedura de serpiente y alacr\u00e1n "},{"texto":"Control de riesgo en m\u00e1quinas."},{"texto":"Uso de equipo respiratorio "},{"texto":"Prevenci\u00f3n de riesgo en espacios confinados "}],"boton":{"texto":"Cont\u00e1ctanos ","link":"#contacto"}}]},"faqs":{"subtitulo":"FAQs","titulo":"Preguntas frecuentes","boton":{"texto":"Cont\u00e1ctanos ","link":"#contacto"}},"contacto":{"imagen":112,"subtitulo":"Contacto","titulo":"Nuestro equipo responder\u00e1","descipcion":"En SAICO estamos para ayudarte a crear entornos laborales m\u00e1s seguros y saludables. Cont\u00e1ctanos a trav\u00e9s de cualquiera de nuestros canales y recibe la orientaci\u00f3n que necesitas para proteger a tu equipo y cumplir con la normativa."}},"_links":{"self":[{"href":"https:\/\/saico.preproduccionx.com\/index.php\/wp-json\/wp\/v2\/pages\/2","targetHints":{"allow":["GET"]}}],"collection":[{"href":"https:\/\/saico.preproduccionx.com\/index.php\/wp-json\/wp\/v2\/pages"}],"about":[{"href":"https:\/\/saico.preproduccionx.com\/index.php\/wp-json\/wp\/v2\/types\/page"}],"author":[{"embeddable":true,"href":"https:\/\/saico.preproduccionx.com\/index.php\/wp-json\/wp\/v2\/users\/1"}],"replies":[{"embeddable":true,"href":"https:\/\/saico.preproduccionx.com\/index.php\/wp-json\/wp\/v2\/comments?post=2"}],"version-history":[{"count":7,"href":"https:\/\/saico.preproduccionx.com\/index.php\/wp-json\/wp\/v2\/pages\/2\/revisions"}],"predecessor-version":[{"id":123,"href":"https:\/\/saico.preproduccionx.com\/index.php\/wp-json\/wp\/v2\/pages\/2\/revisions\/123"}],"wp:attachment":[{"href":"https:\/\/saico.preproduccionx.com\/index.php\/wp-json\/wp\/v2\/media?parent=2"}],"curies":[{"name":"wp","href":"https:\/\/api.w.org\/{rel}","templated":true}]}}